{"id":2345,"date":"2021-05-25T15:06:55","date_gmt":"2021-05-25T13:06:55","guid":{"rendered":"https:\/\/www.kiaikidoitalia.org\/?page_id=2345"},"modified":"2021-05-27T15:40:43","modified_gmt":"2021-05-27T13:40:43","slug":"il-ki-aikido","status":"publish","type":"page","link":"https:\/\/www.smzitalia.it\/kiaikidoitalia\/aikido\/il-ki-aikido\/","title":{"rendered":"IL KI AIKIDO"},"content":{"rendered":"<h2><span style=\"color: #000000;\">KI AIKIDO<\/span><\/h2>\n<p>Arte marziale che utilizza i principi della coordinazione mente-corpo nell&#8217;esecuzione delle tecniche. Principi naturali verificabili nella vita di tutti i giorni che garantiscono il libero fluire del Ki in un corpo privo di tensioni con una mente libera. Le tecniche armoniose dell&#8217;aikido guidano la mente del partner evitando situazioni che potrebbero scatenare reazioni violente. L&#8217;aikido non ha alcuna efficacia senza lo studio e la comprensione di questi principi. per tale ragione gli studenti devono sostenere gli esami specifici della coordinazione mente-corpo prima di quelli dell&#8217;aikido.<\/p>\n<p>Il Ki Aikido \u00e8 lontano dalle pratiche di combattimento quali karate, pugilato ed affini, i cui principi sono applicabili in modo limitato nella vita quotidiana. Molte di queste discipline utilizzano il concetto di \u201cforza di volont\u00e0\u201d perch\u00e9 attiva una specifica energia utilizzabile per affrontare imprese difficili: scalare montagne, eseguire lavori, allenamenti impegnativi, ecc .<\/p>\n<p>Nella pratica del Ki Aikido la forza di volont\u00e0 \u00e8 integrata in un sistema percettivo pi\u00f9 ampio; ci si relaziona con quello che viene chiamato Ki universale, ovvero Energia Creativa. Con questa visione allargata tra le infinite opzioni, naturalmente si stabilisce cosa fare in una specifica situazione.<\/p>\n<p><a href=\"https:\/\/www.smzitalia.it\/kiaikidoitalia\/aikido\/\">torna all&#8217;inizio<\/a><\/p>\n","protected":false},"excerpt":{"rendered":"<p>KI AIKIDO Arte marziale che utilizza i principi della coordinazione mente-corpo nell&#8217;esecuzione delle tecniche. Principi naturali verificabili nella vita di tutti i giorni che garantiscono il libero fluire del Ki in un corpo privo di tensioni con una mente libera. Le tecniche armoniose dell&#8217;aikido guidano la mente del partner evitando situazioni che potrebbero scatenare reazioni [&hellip;]<\/p>\n","protected":false},"author":1,"featured_media":0,"parent":973,"menu_order":0,"comment_status":"closed","ping_status":"closed","template":"","meta":{"footnotes":""},"class_list":["post-2345","page","type-page","status-publish","hentry"],"_links":{"self":[{"href":"https:\/\/www.smzitalia.it\/kiaikidoitalia\/wp-json\/wp\/v2\/pages\/2345"}],"collection":[{"href":"https:\/\/www.smzitalia.it\/kiaikidoitalia\/wp-json\/wp\/v2\/pages"}],"about":[{"href":"https:\/\/www.smzitalia.it\/kiaikidoitalia\/wp-json\/wp\/v2\/types\/page"}],"author":[{"embeddable":true,"href":"https:\/\/www.smzitalia.it\/kiaikidoitalia\/wp-json\/wp\/v2\/users\/1"}],"replies":[{"embeddable":true,"href":"https:\/\/www.smzitalia.it\/kiaikidoitalia\/wp-json\/wp\/v2\/comments?post=2345"}],"version-history":[{"count":12,"href":"https:\/\/www.smzitalia.it\/kiaikidoitalia\/wp-json\/wp\/v2\/pages\/2345\/revisions"}],"predecessor-version":[{"id":2403,"href":"https:\/\/www.smzitalia.it\/kiaikidoitalia\/wp-json\/wp\/v2\/pages\/2345\/revisions\/2403"}],"up":[{"embeddable":true,"href":"https:\/\/www.smzitalia.it\/kiaikidoitalia\/wp-json\/wp\/v2\/pages\/973"}],"wp:attachment":[{"href":"https:\/\/www.smzitalia.it\/kiaikidoitalia\/wp-json\/wp\/v2\/media?parent=2345"}],"curies":[{"name":"wp","href":"https:\/\/api.w.org\/{rel}","templated":true}]}}