{"id":2600,"date":"2021-05-30T16:51:59","date_gmt":"2021-05-30T14:51:59","guid":{"rendered":"https:\/\/www.kiaikidoitalia.org\/?page_id=2600"},"modified":"2024-12-12T12:05:08","modified_gmt":"2024-12-12T11:05:08","slug":"bruno-maule-sensei","status":"publish","type":"page","link":"https:\/\/www.smzitalia.it\/kiaikidoitalia\/bruno-maule-sensei\/","title":{"rendered":"Bruno Maule Sensei"},"content":{"rendered":"<p><img loading=\"lazy\" decoding=\"async\" class=\"wp-image-1022 alignleft\" src=\"http:\/\/www.kiaikidoitalia.org\/wp-content\/uploads\/2018\/07\/SG_14-Bruno_2.jpg\" alt=\"\" width=\"206\" height=\"311\" srcset=\"https:\/\/www.smzitalia.it\/kiaikidoitalia\/wp-content\/uploads\/2018\/07\/SG_14-Bruno_2.jpg 397w, https:\/\/www.smzitalia.it\/kiaikidoitalia\/wp-content\/uploads\/2018\/07\/SG_14-Bruno_2-199x300.jpg 199w\" sizes=\"(max-width: 206px) 100vw, 206px\" \/><\/p>\n<h3><span style=\"color: #000000;\"><strong>Maule Bruno<\/strong><\/span><\/h3>\n<p><span style=\"color: #000000;\">c.n. 9\u00b0 Dan &#8211; Okuden Ki Development Ki No Kenkyukai Internationale<\/span><\/p>\n<p><span style=\"color: #000000;\">Referente Nazionale CSEN settore AIKIDO &#8211; AIKIDO SELF DEFENSE<\/span><\/p>\n<p><span style=\"color: #000000;\">Formatore Nazionale CSEN settore AIKIDO &#8211; AIKIDO SELF DEFENSE<\/span><\/p>\n<p><span style=\"color: #000000;\">Presidente Centro Sportivo AMOS s.s.d. a r.l.<\/span><\/p>\n<p><span style=\"color: #000000;\">Dojo Ronin Ki Aikido Novara<\/span><\/p>\n<p>&nbsp;<\/p>\n<p><span style=\"color: #000000;\">Nasce a Gambellara (VI) il 29 marzo 1947, inizia l\u2019attivit\u00e0 sportiva all\u2019et\u00e0 di 12 anni con la ginnastica artistica, la Boxe, il Judo, il Karate e nel 1968 inizia la pratica delll\u2019Aikido tradizionale. Nel 1978 conosce il Maestro Koichi Tohei, capo istruttore degli allievi di O\u2019Sensei Ueshiba; Bruno Maule rimane affascinato dall\u2019Aikido del Maestro e decide di lasciare l\u2019Aikido tradizionale per seguire la Scuola di Tohei, la Shin Shin Toitsu Ki Aikido.Sotto la guida del Maestro K. Yoshigasaki, inviato in Europa dal Maestro K. Tohei per la divulgazione del KI Aikido e responsabile della Associatione Internationale Ki No Kenkyukai, consegue il Grado di Cintura Nera 9\u00b0 Dan e il massimo Grado di Okuden in KI Development (7\u00b0). Nel 1979 collabora con altri praticanti alla nascita della Ki No Kenkyukai Italia, che lascier\u00e0 nel 1990 per fondare una propria associazione per la divulgazione di quest\u2019arte marziale mantenendo sempre una caratteristica di originalit\u00e0 che contraddistingue il suo modo di praticare e di insegnare: \u201d\u2026bisogna<img loading=\"lazy\" decoding=\"async\" class=\"alignright\" src=\"http:\/\/www.kiaikidoitalia.org\/wp-content\/uploads\/docs\/Maestri\/Image_020.png\" alt=\"image\" width=\"304\" height=\"227\" \/> ricercare l\u2019origine della tecnica, il suo significato e provarne l\u2019efficacia per arrivare ad eseguirla in maniera armoniosa senza contrasti fino a farla diventare poesia\u2026\u201d. Nasce cos\u00ec l\u2019Associazione Atletica Ki Aikido Italia, nel 2024 trasformata in Centro Sportivo AMOS s.s.d. a r.l. , di cui tuttora \u00e8 presidente e\u00a0 affiliata allo C.S.E.N. (Centri Sportivi Educativi Nazionali), ente di promozione sportiva riconosciuta dal CONI e dal Ministero degli Interni, divenendo Responsabile Tecnico del settore Aikido per l\u2019Italia. Questa scelta coincide con la nascita della Scuola di Aikido (SHIDOIN) che si articola in pi\u00f9 corsi riservati per contenuti e per modalit\u00e0 di insegnamento alle diverse tipologie di praticanti: dai bambini agli adolescenti, dagli adulti principianti agli istruttori di Dojo, dagli appassionati di armi (spada, bastone e pugnale) e della difesa personale agli amanti della ginnastica della salute. Ogni corso \u00e8 frutto di approfondite conoscenze consolidatesi nel tempo attraverso l\u2019esperienza personale nel Dojo, non solo in Italia ma anche in Germania, Francia, Svizzera, Algeria, Austria dove il Maestro Bruno Maule tiene periodicamente seminari internazionali aperti anche ai praticanti di altre discipline. Esaminatore della Ki No Kenkyukai Association Internationale fondata dal Maestro K. Yoshigasaki nel 2000 e sempre sotto la sua guida costituisce in Italia la Scuola di Ken Ko Do. Un Maestro a 360\u00b0 capace di relazionarsi con il bambino tanto quanto con l\u2019adulto, capace di interpretare mentalit\u00e0 diverse e di trasmettere a tutti indifferentemente il suo sapere. Con la partecipazione di alcuni rappresentanti di Dojo (Marsiglia, Higerloch, Balerna,\u2026 ) nel 2001 costituisce il Fondo di Solidariet\u00e0, per il finanziamento dei seminari di Aikido (<u>www.aikidofondo.or<\/u>g), nell\u2019intento di permettere ai praticanti di Aikido di partecipare ai seminari ad un costo sostenibile. Per quanto riguarda la pratica dell\u2019Aikido, il 7 Dicembre 2016 il Presidente Dott. Prof. Francesco Proietti ha nominato il M\u00b0 Bruno Maule Referente Nazionale CSEN settore AIKIDO, il quale , coadiuvato dai suoi istruttori, sta preparando gli allievi all\u2019appuntamento con il \u201c1\u00b0 Campionato Nazionale di Jo e di Bokken\u201d (KUMI KATA e ENBU KAI), che si svolgeranno prossimamente dedicato a bambini\/e e a ragazzi\/e, un\u2019iniziativa di nuovissima concezione (finora mai presa in considerazione) e che dar\u00e0 loro la possibilit\u00e0 di cimentarsi in una competizione individuale con l\u2019uso del bastone (Jo) e della spada (Bokken) dove potranno dimostrare abilit\u00e0 di coordinazione dei movimenti, capacit\u00e0 di concentrazione, tecnica di esecuzione, ognuno in base alla propria personalit\u00e0 al proprio carattere e all\u2019esperienza acquisita nel tempo di pratica. La competizione \u00e8 associata all\u2019iniziativa di raccolta fondi per scopi benefici, promossa per volont\u00e0 dei bambini del Dojo Ronin di Novara.<\/span><\/p>\n<p><a href=\"https:\/\/www.smzitalia.it\/kiaikidoitalia\/a-a-k-a-i\/\"><span style=\"color: #800000;\"><b>indietro<\/b><\/span><\/a><\/p>\n","protected":false},"excerpt":{"rendered":"<p>Maule Bruno c.n. 9\u00b0 Dan &#8211; Okuden Ki Development Ki No Kenkyukai Internationale Referente Nazionale CSEN settore AIKIDO &#8211; AIKIDO SELF DEFENSE Formatore Nazionale CSEN settore AIKIDO &#8211; AIKIDO SELF DEFENSE Presidente Centro Sportivo AMOS s.s.d. a r.l. Dojo Ronin Ki Aikido Novara &nbsp; Nasce a Gambellara (VI) il 29 marzo 1947, inizia l\u2019attivit\u00e0 sportiva [&hellip;]<\/p>\n","protected":false},"author":1,"featured_media":0,"parent":0,"menu_order":0,"comment_status":"closed","ping_status":"closed","template":"","meta":{"footnotes":""},"class_list":["post-2600","page","type-page","status-publish","hentry"],"_links":{"self":[{"href":"https:\/\/www.smzitalia.it\/kiaikidoitalia\/wp-json\/wp\/v2\/pages\/2600"}],"collection":[{"href":"https:\/\/www.smzitalia.it\/kiaikidoitalia\/wp-json\/wp\/v2\/pages"}],"about":[{"href":"https:\/\/www.smzitalia.it\/kiaikidoitalia\/wp-json\/wp\/v2\/types\/page"}],"author":[{"embeddable":true,"href":"https:\/\/www.smzitalia.it\/kiaikidoitalia\/wp-json\/wp\/v2\/users\/1"}],"replies":[{"embeddable":true,"href":"https:\/\/www.smzitalia.it\/kiaikidoitalia\/wp-json\/wp\/v2\/comments?post=2600"}],"version-history":[{"count":13,"href":"https:\/\/www.smzitalia.it\/kiaikidoitalia\/wp-json\/wp\/v2\/pages\/2600\/revisions"}],"predecessor-version":[{"id":3849,"href":"https:\/\/www.smzitalia.it\/kiaikidoitalia\/wp-json\/wp\/v2\/pages\/2600\/revisions\/3849"}],"wp:attachment":[{"href":"https:\/\/www.smzitalia.it\/kiaikidoitalia\/wp-json\/wp\/v2\/media?parent=2600"}],"curies":[{"name":"wp","href":"https:\/\/api.w.org\/{rel}","templated":true}]}}