{"id":3079,"date":"2021-11-05T11:34:00","date_gmt":"2021-11-05T10:34:00","guid":{"rendered":"https:\/\/www.kiaikidoitalia.org\/?page_id=3079"},"modified":"2021-11-05T11:38:35","modified_gmt":"2021-11-05T10:38:35","slug":"la-scuola-istruttori-e","status":"publish","type":"page","link":"https:\/\/www.smzitalia.it\/kiaikidoitalia\/la-scuola-istruttori-e\/","title":{"rendered":"La Scuola Istruttori SHIDOIN \u00e8&#8230;."},"content":{"rendered":"<p><strong>Durata minima cinque anni con rilascio di diploma di istruttore di Aikido,\u00a0 aggiornamenti annuali per gli istruttori gi\u00e0 diplomati.<\/strong><\/p>\n<p><strong>Sommario argomenti Scuola Istruttori:<\/strong><\/p>\n<ol>\n<li><strong>\u00a0Il Dojo e la sua organizzazione amministrativa e tecnica<\/strong><\/li>\n<li><strong>\u00a0Regole comportamentali in Dojo<\/strong><\/li>\n<li><strong>\u00a0La Sicurezza degli allievi in Dojo<\/strong><\/li>\n<li><strong>\u00a0Nozioni di primo soccorso<\/strong><\/li>\n<li><strong>\u00a0L&#8217;istruttore e la sua formazione psicologica e spirituale<\/strong><\/li>\n<li><strong>\u00a0Nozioni fondamentali sulla storia dell&#8217;Aikido e del Ki-Aikido<\/strong><\/li>\n<li><strong>\u00a0Come si struttura e si sviluppa la\u00a0 tecnica<\/strong><\/li>\n<li><strong>\u00a0Esecuzione di tutto il programma di tecniche da 5\u00b0 kyu a 4\u00b0 Dan<\/strong><\/li>\n<li><strong>\u00a0Le cadute: significato e pratica<\/strong><\/li>\n<li><strong>\u00a0Gli attacchi: significato e pratica<\/strong><\/li>\n<li><strong>\u00a0Tecniche libere: sviluppo della capacit\u00e0 di inventare nuove tecniche<\/strong><\/li>\n<li><strong>\u00a0Aikitaiso: significato e pratica<\/strong><\/li>\n<li><strong>\u00a0I Tsuzukiwaza: concezione e pratica<\/strong><\/li>\n<li><strong>\u00a0I concetti del Ki : significato e pratica<\/strong><\/li>\n<li><strong>\u00a0Kenkotaiso: significato e pratica<\/strong><\/li>\n<li><strong>\u00a0Ken ko do: significato e pratica<\/strong><\/li>\n<li><strong>\u00a0Tecniche di respirazione e meditazione<\/strong><\/li>\n<li><strong>\u00a0L&#8217;uso delle armi: i Suburi,Kat\u00e0, Jodori, Bokkendori, Tantodori<\/strong><\/li>\n<li><strong>\u00a0Come si prepara un allievo ai passaggi di grado<\/strong><\/li>\n<li><strong>\u00a0 Come si imposta una lezione:<\/strong><\/li>\n<\/ol>\n<ul>\n<li><strong>simulazione di una lezione tipo <\/strong><\/li>\n<li><strong>estensione del ki e percezione del Dojo<\/strong><\/li>\n<li><strong>saluto iniziale<\/strong><\/li>\n<li><strong>lettura dei detti del ki<\/strong><\/li>\n<li><strong>respirazione Ki<\/strong><\/li>\n<li><strong>ginnastica per il potenziamento fisico, allungamento muscolare, addominali, flessioni<\/strong><\/li>\n<li><strong>esercizi di equilibrio e di coordinazione<\/strong><\/li>\n<li><strong>Kenkotaiso &#8211; Aikitaiso<\/strong><\/li>\n<li><strong>scelta argomento della lezione<\/strong><\/li>\n<li><strong>riassunto conclusivo dei concetti trattati<\/strong><\/li>\n<li><strong>saluto finale<\/strong><\/li>\n<\/ul>\n<p><img loading=\"lazy\" decoding=\"async\" class=\"alignnone size-full wp-image-1056\" src=\"https:\/\/www.smzitalia.it\/kiaikidoitalia\/wp-content\/uploads\/2018\/07\/shindoin.jpg\" alt=\"\" width=\"590\" height=\"331\" srcset=\"https:\/\/www.smzitalia.it\/kiaikidoitalia\/wp-content\/uploads\/2018\/07\/shindoin.jpg 590w, https:\/\/www.smzitalia.it\/kiaikidoitalia\/wp-content\/uploads\/2018\/07\/shindoin-300x168.jpg 300w, https:\/\/www.smzitalia.it\/kiaikidoitalia\/wp-content\/uploads\/2018\/07\/shindoin-450x252.jpg 450w\" sizes=\"(max-width: 590px) 100vw, 590px\" \/><\/p>\n<p style=\"text-align: left;\" align=\"center\"><em><span style=\"color: black;\">Domenica 30 aprile 2017 si \u00e8 svolto il primo incontro &#8220;SHIDOIN&#8221; Aikido Csen Scuola Formativa per Istruttori nel Dojo Ronin di Novara presso il Centro Sportivo AMOS. L&#8217;evento, il primo di tre annuali, \u00e8 finalizzato alla preparazione tecnica di istruttori CSEN per il settore Aikido e si svolger\u00e0 in un arco temporale di 5 anni al termine dei quali verr\u00e0 rilasciato un diploma di istruttore fino a 4\u00b0 DAN o maestro da 5\u00b0 in su , certificati e riconosciuti dall&#8217;ente stesso. Il seminario \u00e8 stato tenuto dal maestro Bruno Maule 8\u00b0Dan di KI Aikido Ref. Naz. CSEN durante il quale ha spiegato gli obbiettivi del suo progetto che puntano al raggiungimento di un Aikido unito tutto italiano , ma con la piena libert\u00e0 ed autonomia per ogni scuola e stile e la condivisione dei seminari con gli altri maestri. Obbiettivo arduo e difficile ma possibile vista la buona partecipazione al primo incontro dove Sofia Fasolato ha potuto presentare il suo ottimo esame di 2\u00b0Kyu dimostrando un elevato controllo e buona conoscenza della tecnica non che sicurezza e coordinazione nell&#8217;uso delle armi. Ringraziamo tutti i partecipanti che con l&#8217;impegno e la loro presenza hanno portato l&#8217;armonia giusta per la riuscita del seminario, e con le foto che seguono speriamo di stimolare l&#8217;interesse di molti altri perch\u00e8 il progetto Aikido CSEN abbia un futuro. Arrivederci ai prossimi appuntamenti del 24 Settembre e del 26 Novembre&#8230;. vi aspettiamo numerosi!<\/span><\/em><\/p>\n<p style=\"text-align: left;\" align=\"center\"><a href=\"https:\/\/www.smzitalia.it\/kiaikidoitalia\/shidoin\/\">indietro<\/a><\/p>\n<p style=\"text-align: left;\" align=\"center\"><a href=\"https:\/\/www.smzitalia.it\/kiaikidoitalia\/seminari-2019\/\">menu<\/a><\/p>\n<p align=\"center\">\n","protected":false},"excerpt":{"rendered":"<p>Durata minima cinque anni con rilascio di diploma di istruttore di Aikido,\u00a0 aggiornamenti annuali per gli istruttori gi\u00e0 diplomati. Sommario argomenti Scuola Istruttori: \u00a0Il Dojo e la sua organizzazione amministrativa e tecnica \u00a0Regole comportamentali in Dojo \u00a0La Sicurezza degli allievi in Dojo \u00a0Nozioni di primo soccorso \u00a0L&#8217;istruttore e la sua formazione psicologica e spirituale \u00a0Nozioni [&hellip;]<\/p>\n","protected":false},"author":1,"featured_media":0,"parent":0,"menu_order":0,"comment_status":"closed","ping_status":"closed","template":"","meta":{"footnotes":""},"class_list":["post-3079","page","type-page","status-publish","hentry"],"_links":{"self":[{"href":"https:\/\/www.smzitalia.it\/kiaikidoitalia\/wp-json\/wp\/v2\/pages\/3079"}],"collection":[{"href":"https:\/\/www.smzitalia.it\/kiaikidoitalia\/wp-json\/wp\/v2\/pages"}],"about":[{"href":"https:\/\/www.smzitalia.it\/kiaikidoitalia\/wp-json\/wp\/v2\/types\/page"}],"author":[{"embeddable":true,"href":"https:\/\/www.smzitalia.it\/kiaikidoitalia\/wp-json\/wp\/v2\/users\/1"}],"replies":[{"embeddable":true,"href":"https:\/\/www.smzitalia.it\/kiaikidoitalia\/wp-json\/wp\/v2\/comments?post=3079"}],"version-history":[{"count":2,"href":"https:\/\/www.smzitalia.it\/kiaikidoitalia\/wp-json\/wp\/v2\/pages\/3079\/revisions"}],"predecessor-version":[{"id":3082,"href":"https:\/\/www.smzitalia.it\/kiaikidoitalia\/wp-json\/wp\/v2\/pages\/3079\/revisions\/3082"}],"wp:attachment":[{"href":"https:\/\/www.smzitalia.it\/kiaikidoitalia\/wp-json\/wp\/v2\/media?parent=3079"}],"curies":[{"name":"wp","href":"https:\/\/api.w.org\/{rel}","templated":true}]}}